{"id":53166,"date":"2023-12-12T14:34:55","date_gmt":"2023-12-12T13:34:55","guid":{"rendered":"https:\/\/dokterswacht.mindd.dev\/?page_id=53166"},"modified":"2024-11-07T09:40:26","modified_gmt":"2024-11-07T08:40:26","slug":"over-dokterswacht-friesland","status":"publish","type":"page","link":"https:\/\/dokterswacht.nl\/tr\/over-dokterswacht-friesland\/","title":{"rendered":"Over Dokterswacht Friesland"},"content":{"rendered":"\n<h2 class=\"wp-block-heading\">Spoedeisende huisartsenzorg in de avond, nacht en weekenden<\/h2>\n\n\n\n<p>Dokterswacht Friesland is er voor&nbsp;<em><strong>spoedeisende huisartsenzorg<\/strong><\/em>&nbsp;tijdens de avonden, nachten, weekenden en feestdagen voor inwoners en bezoekers in Friesland. We zijn er voor medische vragen die niet kunnen wachten tot de volgende werkdag als de eigen huisarts er weer is.<\/p>\n\n\n\n<p>Dokterswacht Friesland werd in 2002 opgericht op initiatief van de Friese Huisartsenvereniging. Inmiddels zijn zo\u2019n 300 Friese huisartsen bij ons aangesloten.<\/p>\n\n\n\n<p><a href=\"https:\/\/hetjaarvandokterszorg.nl\/\" target=\"_blank\" rel=\"noreferrer noopener\">Lees het jaarverslag van 2023<\/a><\/p>\n\n\n\n<h2 class=\"wp-block-heading\">Hoe Dokterswacht Friesland werkt<\/h2>\n\n\n\n<p>Op het TriageCenter van Dokterswacht Friesland nemen onze triagisten de binnenkomende telefoontjes aan. Triagisten zijn veelal doktersassistenten die een aanvullende opleiding tot triagist hebben gevolgd. Ze zijn deskundig en goed in staat om de ernst van de klacht in te schatten en de juiste hulp in te schakelen.<\/p>\n\n\n\n<p>Dat kan een telefonisch advies zijn of we vragen de pati\u00ebnt langs te komen op een huisartsenspoedpost. Als het nodig is, bezoeken onze huisartsen pati\u00ebnten thuis. Soms sturen we pati\u00ebnten direct door naar de Spoedeisende Hulp van het Ziekenhuis.<\/p>\n\n\n\n<p>Pati\u00ebnten kunnen alleen op afspraak langskomen op \u00e9\u00e9n van onze huisartsenspoedposten in Dokkum, Drachten, Heerenveen, Leeuwarden en Sneek. De huisartsenspoedposten zijn in de buurt van ziekenhuizen (m.u.v. Dokkum), waarmee we nauw samenwerken.<\/p>\n\n\n\n<h2 class=\"wp-block-heading\">Focus op kwaliteit<\/h2>\n\n\n\n<p>Bij alles wat we doen, staat het belang van onze pati\u00ebnten voorop. We werken voortdurend aan de beste zorgverlening tegen aanvaardbare kosten. Met focus op kwaliteit dragen we bij aan betere huisartsenspoedzorg en verliezen we pati\u00ebntveiligheid nooit uit het oog. Dokterswacht Friesland is transparant en legt verantwoording af over het beleid en de geleverde zorg.<\/p>\n\n\n\n<h2 class=\"wp-block-heading\">Onderdeel van Dokterszorg Friesland<\/h2>\n\n\n\n<p>Dokterswacht Friesland is onderdeel van de holding&nbsp;<a href=\"https:\/\/www.dokterszorg.nl\/\" target=\"_blank\" rel=\"noreferrer noopener\">Dokterszorg Friesland<\/a>. Dokterszorg Friesland is een organisatie van en voor huisartsen. We bieden producten en diensten die Friese huisartsen ondersteunen. Dokterszorg Friesland bestaat naast Dokterswacht Friesland uit:<\/p>\n\n\n\n<ul class=\"wp-block-list\">\n<li><a href=\"https:\/\/www.doktersacademie.nl\/\" target=\"_blank\" rel=\"noreferrer noopener\">Doktersacademie Friesland<\/a>: (Na)scholing voor huisartsen, doktersassistenten, praktijkondersteuners en praktijkverpleegkundigen<\/li>\n\n\n\n<li><a href=\"https:\/\/www.ketenzorgfriesland.nl\/\" target=\"_blank\" rel=\"noreferrer noopener\">Ketenzorg Friesland<\/a>: Faciliteren van de chronische eerstelijnszorg<\/li>\n\n\n\n<li><a href=\"https:\/\/www.doktersdiensten.nl\/\" target=\"_blank\" rel=\"noreferrer noopener\">Doktersdiensten Friesland<\/a>: ondersteuning bij de (bedrijfsmatige) organisatie van praktijkvoering<\/li>\n<\/ul>\n\n\n\n<p><\/p>\n\n\n\n<figure class=\"wp-block-image size-large\"><img decoding=\"async\" width=\"1024\" height=\"681\" src=\"https:\/\/dokterswacht.mindd.dev\/wp-content\/uploads\/2023\/12\/bestelling-dokterswacht-hr-61-1024x681.jpg\" alt=\"\" class=\"wp-image-53167\" srcset=\"https:\/\/dokterswacht.nl\/tr\/wp-content\/uploads\/sites\/222\/2023\/12\/bestelling-dokterswacht-hr-61-1024x681.jpg 1024w, https:\/\/dokterswacht.nl\/tr\/wp-content\/uploads\/sites\/222\/2023\/12\/bestelling-dokterswacht-hr-61-300x200.jpg 300w, https:\/\/dokterswacht.nl\/tr\/wp-content\/uploads\/sites\/222\/2023\/12\/bestelling-dokterswacht-hr-61-768x511.jpg 768w, https:\/\/dokterswacht.nl\/tr\/wp-content\/uploads\/sites\/222\/2023\/12\/bestelling-dokterswacht-hr-61-1536x1022.jpg 1536w, https:\/\/dokterswacht.nl\/tr\/wp-content\/uploads\/sites\/222\/2023\/12\/bestelling-dokterswacht-hr-61.jpg 2000w\" sizes=\"(max-width: 1024px) 100vw, 1024px\" \/><\/figure>\n","protected":false},"excerpt":{"rendered":"<p>Spoedeisende huisartsenzorg in de avond, nacht en weekenden Dokterswacht Friesland is er voor&nbsp;spoedeisende huisartsenzorg&nbsp;tijdens de avonden, nachten, weekenden en feestdagen voor inwoners en bezoekers in Friesland. We zijn er voor medische vragen die niet kunnen wachten tot de volgende werkdag als de eigen huisarts er weer is. Dokterswacht Friesland werd in 2002 opgericht op initiatief [&hellip;]<\/p>\n","protected":false},"author":3,"featured_media":0,"parent":0,"menu_order":0,"comment_status":"closed","ping_status":"closed","template":"","meta":{"_acf_changed":false,"_trash_the_other_posts":false,"editor_notices":[],"footnotes":""},"class_list":["post-53166","page","type-page","status-publish","hentry"],"acf":[],"yoast_head":"<!-- This site is optimized with the Yoast SEO plugin v26.6 - https:\/\/yoast.com\/wordpress\/plugins\/seo\/ -->\n<title>Over Dokterswacht Friesland - Dokterswacht Friesland - T\u00fcrk\u00e7e<\/title>\n<meta name=\"robots\" content=\"noindex, follow, max-snippet:-1, max-image-preview:large, max-video-preview:-1\" \/>\n<meta property=\"og:locale\" content=\"tr_TR\" \/>\n<meta property=\"og:type\" content=\"article\" \/>\n<meta property=\"og:title\" content=\"Over Dokterswacht Friesland - Dokterswacht Friesland - T\u00fcrk\u00e7e\" \/>\n<meta property=\"og:description\" content=\"Spoedeisende huisartsenzorg in de avond, nacht en weekenden Dokterswacht Friesland is er voor&nbsp;spoedeisende huisartsenzorg&nbsp;tijdens de avonden, nachten, weekenden en feestdagen voor inwoners en bezoekers in Friesland. We zijn er voor medische vragen die niet kunnen wachten tot de volgende werkdag als de eigen huisarts er weer is. Dokterswacht Friesland werd in 2002 opgericht op initiatief [&hellip;]\" \/>\n<meta property=\"og:url\" content=\"https:\/\/dokterswacht.nl\/tr\/over-dokterswacht-friesland\/\" \/>\n<meta property=\"og:site_name\" content=\"Dokterswacht Friesland - T\u00fcrk\u00e7e\" \/>\n<meta property=\"article:modified_time\" content=\"2024-11-07T08:40:26+00:00\" \/>\n<meta property=\"og:image\" content=\"https:\/\/dokterswacht.mindd.dev\/wp-content\/uploads\/2023\/12\/bestelling-dokterswacht-hr-61-1024x681.jpg\" \/>\n<meta name=\"twitter:card\" content=\"summary_large_image\" \/>\n<meta name=\"twitter:label1\" content=\"Tahmini okuma s\u00fcresi\" \/>\n\t<meta name=\"twitter:data1\" content=\"2 dakika\" \/>\n<script type=\"application\/ld+json\" class=\"yoast-schema-graph\">{\"@context\":\"https:\/\/schema.org\",\"@graph\":[{\"@type\":\"WebPage\",\"@id\":\"https:\/\/dokterswacht.nl\/tr\/over-dokterswacht-friesland\/\",\"url\":\"https:\/\/dokterswacht.nl\/tr\/over-dokterswacht-friesland\/\",\"name\":\"Over Dokterswacht Friesland - Dokterswacht Friesland - T\u00fcrk\u00e7e\",\"isPartOf\":{\"@id\":\"https:\/\/dokterswacht.nl\/tr\/#website\"},\"primaryImageOfPage\":{\"@id\":\"https:\/\/dokterswacht.nl\/tr\/over-dokterswacht-friesland\/#primaryimage\"},\"image\":{\"@id\":\"https:\/\/dokterswacht.nl\/tr\/over-dokterswacht-friesland\/#primaryimage\"},\"thumbnailUrl\":\"https:\/\/dokterswacht.mindd.dev\/wp-content\/uploads\/2023\/12\/bestelling-dokterswacht-hr-61-1024x681.jpg\",\"datePublished\":\"2023-12-12T13:34:55+00:00\",\"dateModified\":\"2024-11-07T08:40:26+00:00\",\"breadcrumb\":{\"@id\":\"https:\/\/dokterswacht.nl\/tr\/over-dokterswacht-friesland\/#breadcrumb\"},\"inLanguage\":\"tr\",\"potentialAction\":[{\"@type\":\"ReadAction\",\"target\":[\"https:\/\/dokterswacht.nl\/tr\/over-dokterswacht-friesland\/\"]}]},{\"@type\":\"ImageObject\",\"inLanguage\":\"tr\",\"@id\":\"https:\/\/dokterswacht.nl\/tr\/over-dokterswacht-friesland\/#primaryimage\",\"url\":\"https:\/\/dokterswacht.mindd.dev\/wp-content\/uploads\/2023\/12\/bestelling-dokterswacht-hr-61-1024x681.jpg\",\"contentUrl\":\"https:\/\/dokterswacht.mindd.dev\/wp-content\/uploads\/2023\/12\/bestelling-dokterswacht-hr-61-1024x681.jpg\"},{\"@type\":\"BreadcrumbList\",\"@id\":\"https:\/\/dokterswacht.nl\/tr\/over-dokterswacht-friesland\/#breadcrumb\",\"itemListElement\":[{\"@type\":\"ListItem\",\"position\":1,\"name\":\"Home\",\"item\":\"https:\/\/dokterswacht.nl\/tr\/\"},{\"@type\":\"ListItem\",\"position\":2,\"name\":\"Over Dokterswacht Friesland\"}]},{\"@type\":\"WebSite\",\"@id\":\"https:\/\/dokterswacht.nl\/tr\/#website\",\"url\":\"https:\/\/dokterswacht.nl\/tr\/\",\"name\":\"Dokterswacht Friesland - T\u00fcrk\u00e7e\",\"description\":\"\",\"potentialAction\":[{\"@type\":\"SearchAction\",\"target\":{\"@type\":\"EntryPoint\",\"urlTemplate\":\"https:\/\/dokterswacht.nl\/tr\/?s={search_term_string}\"},\"query-input\":{\"@type\":\"PropertyValueSpecification\",\"valueRequired\":true,\"valueName\":\"search_term_string\"}}],\"inLanguage\":\"tr\"}]}<\/script>\n<!-- \/ Yoast SEO plugin. -->","yoast_head_json":{"title":"Over Dokterswacht Friesland - Dokterswacht Friesland - T\u00fcrk\u00e7e","robots":{"index":"noindex","follow":"follow","max-snippet":"max-snippet:-1","max-image-preview":"max-image-preview:large","max-video-preview":"max-video-preview:-1"},"og_locale":"tr_TR","og_type":"article","og_title":"Over Dokterswacht Friesland - Dokterswacht Friesland - T\u00fcrk\u00e7e","og_description":"Spoedeisende huisartsenzorg in de avond, nacht en weekenden Dokterswacht Friesland is er voor&nbsp;spoedeisende huisartsenzorg&nbsp;tijdens de avonden, nachten, weekenden en feestdagen voor inwoners en bezoekers in Friesland. We zijn er voor medische vragen die niet kunnen wachten tot de volgende werkdag als de eigen huisarts er weer is. Dokterswacht Friesland werd in 2002 opgericht op initiatief [&hellip;]","og_url":"https:\/\/dokterswacht.nl\/tr\/over-dokterswacht-friesland\/","og_site_name":"Dokterswacht Friesland - T\u00fcrk\u00e7e","article_modified_time":"2024-11-07T08:40:26+00:00","og_image":[{"url":"https:\/\/dokterswacht.mindd.dev\/wp-content\/uploads\/2023\/12\/bestelling-dokterswacht-hr-61-1024x681.jpg","type":"","width":"","height":""}],"twitter_card":"summary_large_image","twitter_misc":{"Tahmini okuma s\u00fcresi":"2 dakika"},"schema":{"@context":"https:\/\/schema.org","@graph":[{"@type":"WebPage","@id":"https:\/\/dokterswacht.nl\/tr\/over-dokterswacht-friesland\/","url":"https:\/\/dokterswacht.nl\/tr\/over-dokterswacht-friesland\/","name":"Over Dokterswacht Friesland - Dokterswacht Friesland - T\u00fcrk\u00e7e","isPartOf":{"@id":"https:\/\/dokterswacht.nl\/tr\/#website"},"primaryImageOfPage":{"@id":"https:\/\/dokterswacht.nl\/tr\/over-dokterswacht-friesland\/#primaryimage"},"image":{"@id":"https:\/\/dokterswacht.nl\/tr\/over-dokterswacht-friesland\/#primaryimage"},"thumbnailUrl":"https:\/\/dokterswacht.mindd.dev\/wp-content\/uploads\/2023\/12\/bestelling-dokterswacht-hr-61-1024x681.jpg","datePublished":"2023-12-12T13:34:55+00:00","dateModified":"2024-11-07T08:40:26+00:00","breadcrumb":{"@id":"https:\/\/dokterswacht.nl\/tr\/over-dokterswacht-friesland\/#breadcrumb"},"inLanguage":"tr","potentialAction":[{"@type":"ReadAction","target":["https:\/\/dokterswacht.nl\/tr\/over-dokterswacht-friesland\/"]}]},{"@type":"ImageObject","inLanguage":"tr","@id":"https:\/\/dokterswacht.nl\/tr\/over-dokterswacht-friesland\/#primaryimage","url":"https:\/\/dokterswacht.mindd.dev\/wp-content\/uploads\/2023\/12\/bestelling-dokterswacht-hr-61-1024x681.jpg","contentUrl":"https:\/\/dokterswacht.mindd.dev\/wp-content\/uploads\/2023\/12\/bestelling-dokterswacht-hr-61-1024x681.jpg"},{"@type":"BreadcrumbList","@id":"https:\/\/dokterswacht.nl\/tr\/over-dokterswacht-friesland\/#breadcrumb","itemListElement":[{"@type":"ListItem","position":1,"name":"Home","item":"https:\/\/dokterswacht.nl\/tr\/"},{"@type":"ListItem","position":2,"name":"Over Dokterswacht Friesland"}]},{"@type":"WebSite","@id":"https:\/\/dokterswacht.nl\/tr\/#website","url":"https:\/\/dokterswacht.nl\/tr\/","name":"Dokterswacht Friesland - T\u00fcrk\u00e7e","description":"","potentialAction":[{"@type":"SearchAction","target":{"@type":"EntryPoint","urlTemplate":"https:\/\/dokterswacht.nl\/tr\/?s={search_term_string}"},"query-input":{"@type":"PropertyValueSpecification","valueRequired":true,"valueName":"search_term_string"}}],"inLanguage":"tr"}]}},"_links":{"self":[{"href":"https:\/\/dokterswacht.nl\/tr\/wp-json\/wp\/v2\/pages\/53166","targetHints":{"allow":["GET"]}}],"collection":[{"href":"https:\/\/dokterswacht.nl\/tr\/wp-json\/wp\/v2\/pages"}],"about":[{"href":"https:\/\/dokterswacht.nl\/tr\/wp-json\/wp\/v2\/types\/page"}],"author":[{"embeddable":true,"href":"https:\/\/dokterswacht.nl\/tr\/wp-json\/wp\/v2\/users\/3"}],"replies":[{"embeddable":true,"href":"https:\/\/dokterswacht.nl\/tr\/wp-json\/wp\/v2\/comments?post=53166"}],"version-history":[{"count":1,"href":"https:\/\/dokterswacht.nl\/tr\/wp-json\/wp\/v2\/pages\/53166\/revisions"}],"predecessor-version":[{"id":54277,"href":"https:\/\/dokterswacht.nl\/tr\/wp-json\/wp\/v2\/pages\/53166\/revisions\/54277"}],"wp:attachment":[{"href":"https:\/\/dokterswacht.nl\/tr\/wp-json\/wp\/v2\/media?parent=53166"}],"curies":[{"name":"wp","href":"https:\/\/api.w.org\/{rel}","templated":true}]}}