{"id":53124,"date":"2023-12-12T12:12:23","date_gmt":"2023-12-12T11:12:23","guid":{"rendered":"https:\/\/dokterswacht.mindd.dev\/?page_id=53124"},"modified":"2023-12-12T13:16:31","modified_gmt":"2023-12-12T12:16:31","slug":"wachttijden-posten","status":"publish","type":"page","link":"https:\/\/dokterswacht.nl\/tr\/wachttijden-posten\/","title":{"rendered":"Wachttijden posten"},"content":{"rendered":"\n<h2 class=\"wp-block-heading\">Actuele informatie over uw bezoek aan de huisartsenspoedpost<\/h2>\n\n\n\n<iframe src=\"https:\/\/dwf.door2doc.net\/app\/widget\/widget_dwf.html?dataurl=https%3a%2f%2fwww.dokterswacht.nl%2fintegrationdata&#038;tokenurl=https%3a%2f%2fwww.dokterswacht.nl%2fintegrationtoken&#038;code=560af54bc52742bea13e2db20dabaf26&#038;publickey=de299a304f69a38a4caaba9d25ac1fcc&#038;sessionid=09c8d4bb742da00b26dcd317790df2fc&#038;referrer=%2fdwf-frame%2fwachttijden-posten\" scrolling=\"no\" style=\"width: 100%; border-style: none; padding: 0px; margin: 0px; height: 416px;\"><\/iframe>\n\n\n\n<p>Hierboven ziet u of uw gemaakte afspraak op de huisartsenspoedpost naar verwachting op de afgesproken tijd begint.\u00a0<\/p>\n\n\n\n<p>Wij doen ons best om al onze pati\u00ebnten op de afgesproken tijd te zien. Soms kan het langer duren, omdat meer tijd nodig is voor een pati\u00ebnt of omdat een pati\u00ebnt met voorrang wordt geholpen vanwege de ernst van de situatie. Kom op de afgesproken tijd om extra wachttijden te voorkomen. Dank voor uw begrip.<\/p>\n\n\n\n<p><\/p>\n","protected":false},"excerpt":{"rendered":"<p>Actuele informatie over uw bezoek aan de huisartsenspoedpost Hierboven ziet u of uw gemaakte afspraak op de huisartsenspoedpost naar verwachting op de afgesproken tijd begint.\u00a0 Wij doen ons best om al onze pati\u00ebnten op de afgesproken tijd te zien. Soms kan het langer duren, omdat meer tijd nodig is voor een pati\u00ebnt of omdat een [&hellip;]<\/p>\n","protected":false},"author":3,"featured_media":0,"parent":0,"menu_order":0,"comment_status":"closed","ping_status":"closed","template":"","meta":{"_acf_changed":false,"_trash_the_other_posts":false,"editor_notices":[],"footnotes":""},"class_list":["post-53124","page","type-page","status-publish","hentry"],"acf":[],"yoast_head":"<!-- This site is optimized with the Yoast SEO plugin v26.6 - https:\/\/yoast.com\/wordpress\/plugins\/seo\/ -->\n<title>Wachttijden posten - Dokterswacht Friesland - T\u00fcrk\u00e7e<\/title>\n<meta name=\"robots\" content=\"noindex, follow, max-snippet:-1, max-image-preview:large, max-video-preview:-1\" \/>\n<meta property=\"og:locale\" content=\"tr_TR\" \/>\n<meta property=\"og:type\" content=\"article\" \/>\n<meta property=\"og:title\" content=\"Wachttijden posten - Dokterswacht Friesland - T\u00fcrk\u00e7e\" \/>\n<meta property=\"og:description\" content=\"Actuele informatie over uw bezoek aan de huisartsenspoedpost Hierboven ziet u of uw gemaakte afspraak op de huisartsenspoedpost naar verwachting op de afgesproken tijd begint.\u00a0 Wij doen ons best om al onze pati\u00ebnten op de afgesproken tijd te zien. Soms kan het langer duren, omdat meer tijd nodig is voor een pati\u00ebnt of omdat een [&hellip;]\" \/>\n<meta property=\"og:url\" content=\"https:\/\/dokterswacht.nl\/tr\/wachttijden-posten\/\" \/>\n<meta property=\"og:site_name\" content=\"Dokterswacht Friesland - T\u00fcrk\u00e7e\" \/>\n<meta property=\"article:modified_time\" content=\"2023-12-12T12:16:31+00:00\" \/>\n<meta name=\"twitter:card\" content=\"summary_large_image\" \/>\n<meta name=\"twitter:label1\" content=\"Tahmini okuma s\u00fcresi\" \/>\n\t<meta name=\"twitter:data1\" content=\"1 dakika\" \/>\n<script type=\"application\/ld+json\" class=\"yoast-schema-graph\">{\"@context\":\"https:\/\/schema.org\",\"@graph\":[{\"@type\":\"WebPage\",\"@id\":\"https:\/\/dokterswacht.nl\/tr\/wachttijden-posten\/\",\"url\":\"https:\/\/dokterswacht.nl\/tr\/wachttijden-posten\/\",\"name\":\"Wachttijden posten - Dokterswacht Friesland - T\u00fcrk\u00e7e\",\"isPartOf\":{\"@id\":\"https:\/\/dokterswacht.nl\/tr\/#website\"},\"datePublished\":\"2023-12-12T11:12:23+00:00\",\"dateModified\":\"2023-12-12T12:16:31+00:00\",\"breadcrumb\":{\"@id\":\"https:\/\/dokterswacht.nl\/tr\/wachttijden-posten\/#breadcrumb\"},\"inLanguage\":\"tr\",\"potentialAction\":[{\"@type\":\"ReadAction\",\"target\":[\"https:\/\/dokterswacht.nl\/tr\/wachttijden-posten\/\"]}]},{\"@type\":\"BreadcrumbList\",\"@id\":\"https:\/\/dokterswacht.nl\/tr\/wachttijden-posten\/#breadcrumb\",\"itemListElement\":[{\"@type\":\"ListItem\",\"position\":1,\"name\":\"Home\",\"item\":\"https:\/\/dokterswacht.nl\/tr\/\"},{\"@type\":\"ListItem\",\"position\":2,\"name\":\"Wachttijden posten\"}]},{\"@type\":\"WebSite\",\"@id\":\"https:\/\/dokterswacht.nl\/tr\/#website\",\"url\":\"https:\/\/dokterswacht.nl\/tr\/\",\"name\":\"Dokterswacht Friesland - T\u00fcrk\u00e7e\",\"description\":\"\",\"potentialAction\":[{\"@type\":\"SearchAction\",\"target\":{\"@type\":\"EntryPoint\",\"urlTemplate\":\"https:\/\/dokterswacht.nl\/tr\/?s={search_term_string}\"},\"query-input\":{\"@type\":\"PropertyValueSpecification\",\"valueRequired\":true,\"valueName\":\"search_term_string\"}}],\"inLanguage\":\"tr\"}]}<\/script>\n<!-- \/ Yoast SEO plugin. -->","yoast_head_json":{"title":"Wachttijden posten - Dokterswacht Friesland - T\u00fcrk\u00e7e","robots":{"index":"noindex","follow":"follow","max-snippet":"max-snippet:-1","max-image-preview":"max-image-preview:large","max-video-preview":"max-video-preview:-1"},"og_locale":"tr_TR","og_type":"article","og_title":"Wachttijden posten - Dokterswacht Friesland - T\u00fcrk\u00e7e","og_description":"Actuele informatie over uw bezoek aan de huisartsenspoedpost Hierboven ziet u of uw gemaakte afspraak op de huisartsenspoedpost naar verwachting op de afgesproken tijd begint.\u00a0 Wij doen ons best om al onze pati\u00ebnten op de afgesproken tijd te zien. Soms kan het langer duren, omdat meer tijd nodig is voor een pati\u00ebnt of omdat een [&hellip;]","og_url":"https:\/\/dokterswacht.nl\/tr\/wachttijden-posten\/","og_site_name":"Dokterswacht Friesland - T\u00fcrk\u00e7e","article_modified_time":"2023-12-12T12:16:31+00:00","twitter_card":"summary_large_image","twitter_misc":{"Tahmini okuma s\u00fcresi":"1 dakika"},"schema":{"@context":"https:\/\/schema.org","@graph":[{"@type":"WebPage","@id":"https:\/\/dokterswacht.nl\/tr\/wachttijden-posten\/","url":"https:\/\/dokterswacht.nl\/tr\/wachttijden-posten\/","name":"Wachttijden posten - Dokterswacht Friesland - T\u00fcrk\u00e7e","isPartOf":{"@id":"https:\/\/dokterswacht.nl\/tr\/#website"},"datePublished":"2023-12-12T11:12:23+00:00","dateModified":"2023-12-12T12:16:31+00:00","breadcrumb":{"@id":"https:\/\/dokterswacht.nl\/tr\/wachttijden-posten\/#breadcrumb"},"inLanguage":"tr","potentialAction":[{"@type":"ReadAction","target":["https:\/\/dokterswacht.nl\/tr\/wachttijden-posten\/"]}]},{"@type":"BreadcrumbList","@id":"https:\/\/dokterswacht.nl\/tr\/wachttijden-posten\/#breadcrumb","itemListElement":[{"@type":"ListItem","position":1,"name":"Home","item":"https:\/\/dokterswacht.nl\/tr\/"},{"@type":"ListItem","position":2,"name":"Wachttijden posten"}]},{"@type":"WebSite","@id":"https:\/\/dokterswacht.nl\/tr\/#website","url":"https:\/\/dokterswacht.nl\/tr\/","name":"Dokterswacht Friesland - T\u00fcrk\u00e7e","description":"","potentialAction":[{"@type":"SearchAction","target":{"@type":"EntryPoint","urlTemplate":"https:\/\/dokterswacht.nl\/tr\/?s={search_term_string}"},"query-input":{"@type":"PropertyValueSpecification","valueRequired":true,"valueName":"search_term_string"}}],"inLanguage":"tr"}]}},"_links":{"self":[{"href":"https:\/\/dokterswacht.nl\/tr\/wp-json\/wp\/v2\/pages\/53124","targetHints":{"allow":["GET"]}}],"collection":[{"href":"https:\/\/dokterswacht.nl\/tr\/wp-json\/wp\/v2\/pages"}],"about":[{"href":"https:\/\/dokterswacht.nl\/tr\/wp-json\/wp\/v2\/types\/page"}],"author":[{"embeddable":true,"href":"https:\/\/dokterswacht.nl\/tr\/wp-json\/wp\/v2\/users\/3"}],"replies":[{"embeddable":true,"href":"https:\/\/dokterswacht.nl\/tr\/wp-json\/wp\/v2\/comments?post=53124"}],"version-history":[{"count":0,"href":"https:\/\/dokterswacht.nl\/tr\/wp-json\/wp\/v2\/pages\/53124\/revisions"}],"wp:attachment":[{"href":"https:\/\/dokterswacht.nl\/tr\/wp-json\/wp\/v2\/media?parent=53124"}],"curies":[{"name":"wp","href":"https:\/\/api.w.org\/{rel}","templated":true}]}}