{"id":53181,"date":"2023-12-12T14:47:14","date_gmt":"2023-12-12T13:47:14","guid":{"rendered":"https:\/\/dokterswacht.mindd.dev\/?page_id=53181"},"modified":"2024-10-22T11:11:23","modified_gmt":"2024-10-22T09:11:23","slug":"folders","status":"publish","type":"page","link":"https:\/\/dokterswacht.nl\/fr\/folders\/","title":{"rendered":"Folders"},"content":{"rendered":"\n<h2 class=\"wp-block-heading\">Download de folders van Dokterswacht Friesland<br><\/h2>\n\n\n\n<ul class=\"wp-block-list\">\n<li><a href=\"https:\/\/dokterswacht.nl\/wp-content\/uploads\/sites\/107\/2024\/06\/Dokterswacht-Flyer-A5-wondbehandeling-16-5-2024.pdf\">Informatiefolder wondbehandeling<\/a><\/li>\n\n\n\n<li><a href=\"https:\/\/dokterswacht.nl\/wp-content\/uploads\/sites\/107\/2024\/06\/Dokterswacht-Flyer-A5-vermoeden-breuk_def.pdf\">Informatiefolder vermoeden breuk<\/a><\/li>\n\n\n\n<li><a href=\"https:\/\/dokterswacht.nl\/wp-content\/uploads\/sites\/107\/2024\/06\/Dokterswacht-Folder-dubbelgevouwen-A5-katheterzorg-16-5-2024.pdf\">Informatiefolder katheterzorg<\/a><\/li>\n<\/ul>\n\n\n\n<p><\/p>\n","protected":false},"excerpt":{"rendered":"<p>Download de folders van Dokterswacht Friesland<\/p>\n","protected":false},"author":3,"featured_media":0,"parent":0,"menu_order":0,"comment_status":"closed","ping_status":"closed","template":"","meta":{"_acf_changed":false,"_trash_the_other_posts":false,"editor_notices":[],"footnotes":""},"class_list":["post-53181","page","type-page","status-publish","hentry"],"acf":[],"yoast_head":"<!-- This site is optimized with the Yoast SEO plugin v26.6 - https:\/\/yoast.com\/wordpress\/plugins\/seo\/ -->\n<title>Folders - Dokterswacht Friesland - Fran\u00e7ais<\/title>\n<meta name=\"robots\" content=\"noindex, follow, max-snippet:-1, max-image-preview:large, max-video-preview:-1\" \/>\n<meta property=\"og:locale\" content=\"fr_FR\" \/>\n<meta property=\"og:type\" content=\"article\" \/>\n<meta property=\"og:title\" content=\"Folders - Dokterswacht Friesland - Fran\u00e7ais\" \/>\n<meta property=\"og:description\" content=\"Download de folders van Dokterswacht Friesland\" \/>\n<meta property=\"og:url\" content=\"https:\/\/dokterswacht.nl\/fr\/folders\/\" \/>\n<meta property=\"og:site_name\" content=\"Dokterswacht Friesland - Fran\u00e7ais\" \/>\n<meta property=\"article:modified_time\" content=\"2024-10-22T09:11:23+00:00\" \/>\n<meta name=\"twitter:card\" content=\"summary_large_image\" \/>\n<meta name=\"twitter:label1\" content=\"Dur\u00e9e de lecture estim\u00e9e\" \/>\n\t<meta name=\"twitter:data1\" content=\"1 minute\" \/>\n<script type=\"application\/ld+json\" class=\"yoast-schema-graph\">{\"@context\":\"https:\/\/schema.org\",\"@graph\":[{\"@type\":\"WebPage\",\"@id\":\"https:\/\/dokterswacht.nl\/fr\/folders\/\",\"url\":\"https:\/\/dokterswacht.nl\/fr\/folders\/\",\"name\":\"Folders - Dokterswacht Friesland - Fran\u00e7ais\",\"isPartOf\":{\"@id\":\"https:\/\/dokterswacht.nl\/fr\/#website\"},\"datePublished\":\"2023-12-12T13:47:14+00:00\",\"dateModified\":\"2024-10-22T09:11:23+00:00\",\"breadcrumb\":{\"@id\":\"https:\/\/dokterswacht.nl\/fr\/folders\/#breadcrumb\"},\"inLanguage\":\"fr-FR\",\"potentialAction\":[{\"@type\":\"ReadAction\",\"target\":[\"https:\/\/dokterswacht.nl\/fr\/folders\/\"]}]},{\"@type\":\"BreadcrumbList\",\"@id\":\"https:\/\/dokterswacht.nl\/fr\/folders\/#breadcrumb\",\"itemListElement\":[{\"@type\":\"ListItem\",\"position\":1,\"name\":\"Home\",\"item\":\"https:\/\/dokterswacht.nl\/fr\/\"},{\"@type\":\"ListItem\",\"position\":2,\"name\":\"Folders\"}]},{\"@type\":\"WebSite\",\"@id\":\"https:\/\/dokterswacht.nl\/fr\/#website\",\"url\":\"https:\/\/dokterswacht.nl\/fr\/\",\"name\":\"Dokterswacht Friesland - Fran\u00e7ais\",\"description\":\"\",\"potentialAction\":[{\"@type\":\"SearchAction\",\"target\":{\"@type\":\"EntryPoint\",\"urlTemplate\":\"https:\/\/dokterswacht.nl\/fr\/?s={search_term_string}\"},\"query-input\":{\"@type\":\"PropertyValueSpecification\",\"valueRequired\":true,\"valueName\":\"search_term_string\"}}],\"inLanguage\":\"fr-FR\"}]}<\/script>\n<!-- \/ Yoast SEO plugin. -->","yoast_head_json":{"title":"Folders - Dokterswacht Friesland - Fran\u00e7ais","robots":{"index":"noindex","follow":"follow","max-snippet":"max-snippet:-1","max-image-preview":"max-image-preview:large","max-video-preview":"max-video-preview:-1"},"og_locale":"fr_FR","og_type":"article","og_title":"Folders - Dokterswacht Friesland - Fran\u00e7ais","og_description":"Download de folders van Dokterswacht Friesland","og_url":"https:\/\/dokterswacht.nl\/fr\/folders\/","og_site_name":"Dokterswacht Friesland - Fran\u00e7ais","article_modified_time":"2024-10-22T09:11:23+00:00","twitter_card":"summary_large_image","twitter_misc":{"Dur\u00e9e de lecture estim\u00e9e":"1 minute"},"schema":{"@context":"https:\/\/schema.org","@graph":[{"@type":"WebPage","@id":"https:\/\/dokterswacht.nl\/fr\/folders\/","url":"https:\/\/dokterswacht.nl\/fr\/folders\/","name":"Folders - Dokterswacht Friesland - Fran\u00e7ais","isPartOf":{"@id":"https:\/\/dokterswacht.nl\/fr\/#website"},"datePublished":"2023-12-12T13:47:14+00:00","dateModified":"2024-10-22T09:11:23+00:00","breadcrumb":{"@id":"https:\/\/dokterswacht.nl\/fr\/folders\/#breadcrumb"},"inLanguage":"fr-FR","potentialAction":[{"@type":"ReadAction","target":["https:\/\/dokterswacht.nl\/fr\/folders\/"]}]},{"@type":"BreadcrumbList","@id":"https:\/\/dokterswacht.nl\/fr\/folders\/#breadcrumb","itemListElement":[{"@type":"ListItem","position":1,"name":"Home","item":"https:\/\/dokterswacht.nl\/fr\/"},{"@type":"ListItem","position":2,"name":"Folders"}]},{"@type":"WebSite","@id":"https:\/\/dokterswacht.nl\/fr\/#website","url":"https:\/\/dokterswacht.nl\/fr\/","name":"Dokterswacht Friesland - Fran\u00e7ais","description":"","potentialAction":[{"@type":"SearchAction","target":{"@type":"EntryPoint","urlTemplate":"https:\/\/dokterswacht.nl\/fr\/?s={search_term_string}"},"query-input":{"@type":"PropertyValueSpecification","valueRequired":true,"valueName":"search_term_string"}}],"inLanguage":"fr-FR"}]}},"_links":{"self":[{"href":"https:\/\/dokterswacht.nl\/fr\/wp-json\/wp\/v2\/pages\/53181","targetHints":{"allow":["GET"]}}],"collection":[{"href":"https:\/\/dokterswacht.nl\/fr\/wp-json\/wp\/v2\/pages"}],"about":[{"href":"https:\/\/dokterswacht.nl\/fr\/wp-json\/wp\/v2\/types\/page"}],"author":[{"embeddable":true,"href":"https:\/\/dokterswacht.nl\/fr\/wp-json\/wp\/v2\/users\/3"}],"replies":[{"embeddable":true,"href":"https:\/\/dokterswacht.nl\/fr\/wp-json\/wp\/v2\/comments?post=53181"}],"version-history":[{"count":4,"href":"https:\/\/dokterswacht.nl\/fr\/wp-json\/wp\/v2\/pages\/53181\/revisions"}],"predecessor-version":[{"id":54196,"href":"https:\/\/dokterswacht.nl\/fr\/wp-json\/wp\/v2\/pages\/53181\/revisions\/54196"}],"wp:attachment":[{"href":"https:\/\/dokterswacht.nl\/fr\/wp-json\/wp\/v2\/media?parent=53181"}],"curies":[{"name":"wp","href":"https:\/\/api.w.org\/{rel}","templated":true}]}}