{"id":53176,"date":"2023-12-12T14:37:58","date_gmt":"2023-12-12T13:37:58","guid":{"rendered":"https:\/\/dokterswacht.mindd.dev\/?page_id=53176"},"modified":"2023-12-12T14:37:58","modified_gmt":"2023-12-12T13:37:58","slug":"vim-voor-zorgprofessionals","status":"publish","type":"page","link":"https:\/\/dokterswacht.nl\/fr\/vim-voor-zorgprofessionals\/","title":{"rendered":"VIM voor zorgprofessionals"},"content":{"rendered":"\n<p>Pati\u00ebntveiligheid is \u00e9\u00e9n van de belangrijkste aandachtspunten bij Dokterswacht Friesland. We vinden het melden van incidenten een essentieel onderdeel voor het waarborgen van de pati\u00ebntveiligheid.<\/p>\n\n\n\n<p>Gaat er tijdens uw dienst iets niet goed, dan kunt u hiervan een zogenaamde VIM-melding maken met onderstaand formulier. VIM staat voor Veilig Incidenten Melden.<\/p>\n\n\n\n<p>Het formulier komt via ons VIM-systeem terecht bij de verantwoordelijk manager die de melding in behandeling neemt. Het hangt van de ernst en de frequentie van de melding af of we de melding voorleggen aan de VIM-commissie of onderzoekscommissie calamiteiten. De manager informeert u over de afhandeling van de melding.<\/p>\n\n\n\n<p><a target=\"_blank\" href=\"https:\/\/www.dokterswacht.nl\/VIM\" rel=\"noreferrer noopener\"><\/a><\/p>\n\n\n\n<div class=\"wp-block-buttons is-layout-flex wp-block-buttons-is-layout-flex\">\n<div class=\"wp-block-button is-style-outline is-style-outline--1\"><a class=\"wp-block-button__link wp-element-button\" href=\"\/VIM\/\">Ga naar het VIM-formulier<\/a><\/div>\n<\/div>\n\n\n\n<p><a href=\"https:\/\/www.dokterswacht.nl\/VIM\" target=\"_blank\" rel=\"noreferrer noopener\"><\/a><\/p>\n","protected":false},"excerpt":{"rendered":"<p>Pati\u00ebntveiligheid is \u00e9\u00e9n van de belangrijkste aandachtspunten bij Dokterswacht Friesland. We vinden het melden van incidenten een essentieel onderdeel voor het waarborgen van de pati\u00ebntveiligheid. Gaat er tijdens uw dienst iets niet goed, dan kunt u hiervan een zogenaamde VIM-melding maken met onderstaand formulier. VIM staat voor Veilig Incidenten Melden. Het formulier komt via ons [&hellip;]<\/p>\n","protected":false},"author":3,"featured_media":0,"parent":0,"menu_order":0,"comment_status":"closed","ping_status":"closed","template":"","meta":{"_acf_changed":false,"_trash_the_other_posts":false,"editor_notices":[],"footnotes":""},"class_list":["post-53176","page","type-page","status-publish","hentry"],"acf":[],"yoast_head":"<!-- This site is optimized with the Yoast SEO plugin v26.6 - https:\/\/yoast.com\/wordpress\/plugins\/seo\/ -->\n<title>VIM voor zorgprofessionals - Dokterswacht Friesland - Fran\u00e7ais<\/title>\n<meta name=\"robots\" content=\"noindex, follow, max-snippet:-1, max-image-preview:large, max-video-preview:-1\" \/>\n<meta property=\"og:locale\" content=\"fr_FR\" \/>\n<meta property=\"og:type\" content=\"article\" \/>\n<meta property=\"og:title\" content=\"VIM voor zorgprofessionals - Dokterswacht Friesland - Fran\u00e7ais\" \/>\n<meta property=\"og:description\" content=\"Pati\u00ebntveiligheid is \u00e9\u00e9n van de belangrijkste aandachtspunten bij Dokterswacht Friesland. We vinden het melden van incidenten een essentieel onderdeel voor het waarborgen van de pati\u00ebntveiligheid. Gaat er tijdens uw dienst iets niet goed, dan kunt u hiervan een zogenaamde VIM-melding maken met onderstaand formulier. VIM staat voor Veilig Incidenten Melden. Het formulier komt via ons [&hellip;]\" \/>\n<meta property=\"og:url\" content=\"https:\/\/dokterswacht.nl\/fr\/vim-voor-zorgprofessionals\/\" \/>\n<meta property=\"og:site_name\" content=\"Dokterswacht Friesland - Fran\u00e7ais\" \/>\n<meta name=\"twitter:card\" content=\"summary_large_image\" \/>\n<meta name=\"twitter:label1\" content=\"Dur\u00e9e de lecture estim\u00e9e\" \/>\n\t<meta name=\"twitter:data1\" content=\"1 minute\" \/>\n<script type=\"application\/ld+json\" class=\"yoast-schema-graph\">{\"@context\":\"https:\/\/schema.org\",\"@graph\":[{\"@type\":\"WebPage\",\"@id\":\"https:\/\/dokterswacht.nl\/fr\/vim-voor-zorgprofessionals\/\",\"url\":\"https:\/\/dokterswacht.nl\/fr\/vim-voor-zorgprofessionals\/\",\"name\":\"VIM voor zorgprofessionals - Dokterswacht Friesland - Fran\u00e7ais\",\"isPartOf\":{\"@id\":\"https:\/\/dokterswacht.nl\/fr\/#website\"},\"datePublished\":\"2023-12-12T13:37:58+00:00\",\"breadcrumb\":{\"@id\":\"https:\/\/dokterswacht.nl\/fr\/vim-voor-zorgprofessionals\/#breadcrumb\"},\"inLanguage\":\"fr-FR\",\"potentialAction\":[{\"@type\":\"ReadAction\",\"target\":[\"https:\/\/dokterswacht.nl\/fr\/vim-voor-zorgprofessionals\/\"]}]},{\"@type\":\"BreadcrumbList\",\"@id\":\"https:\/\/dokterswacht.nl\/fr\/vim-voor-zorgprofessionals\/#breadcrumb\",\"itemListElement\":[{\"@type\":\"ListItem\",\"position\":1,\"name\":\"Home\",\"item\":\"https:\/\/dokterswacht.nl\/fr\/\"},{\"@type\":\"ListItem\",\"position\":2,\"name\":\"VIM voor zorgprofessionals\"}]},{\"@type\":\"WebSite\",\"@id\":\"https:\/\/dokterswacht.nl\/fr\/#website\",\"url\":\"https:\/\/dokterswacht.nl\/fr\/\",\"name\":\"Dokterswacht Friesland - Fran\u00e7ais\",\"description\":\"\",\"potentialAction\":[{\"@type\":\"SearchAction\",\"target\":{\"@type\":\"EntryPoint\",\"urlTemplate\":\"https:\/\/dokterswacht.nl\/fr\/?s={search_term_string}\"},\"query-input\":{\"@type\":\"PropertyValueSpecification\",\"valueRequired\":true,\"valueName\":\"search_term_string\"}}],\"inLanguage\":\"fr-FR\"}]}<\/script>\n<!-- \/ Yoast SEO plugin. -->","yoast_head_json":{"title":"VIM voor zorgprofessionals - Dokterswacht Friesland - Fran\u00e7ais","robots":{"index":"noindex","follow":"follow","max-snippet":"max-snippet:-1","max-image-preview":"max-image-preview:large","max-video-preview":"max-video-preview:-1"},"og_locale":"fr_FR","og_type":"article","og_title":"VIM voor zorgprofessionals - Dokterswacht Friesland - Fran\u00e7ais","og_description":"Pati\u00ebntveiligheid is \u00e9\u00e9n van de belangrijkste aandachtspunten bij Dokterswacht Friesland. We vinden het melden van incidenten een essentieel onderdeel voor het waarborgen van de pati\u00ebntveiligheid. Gaat er tijdens uw dienst iets niet goed, dan kunt u hiervan een zogenaamde VIM-melding maken met onderstaand formulier. VIM staat voor Veilig Incidenten Melden. Het formulier komt via ons [&hellip;]","og_url":"https:\/\/dokterswacht.nl\/fr\/vim-voor-zorgprofessionals\/","og_site_name":"Dokterswacht Friesland - Fran\u00e7ais","twitter_card":"summary_large_image","twitter_misc":{"Dur\u00e9e de lecture estim\u00e9e":"1 minute"},"schema":{"@context":"https:\/\/schema.org","@graph":[{"@type":"WebPage","@id":"https:\/\/dokterswacht.nl\/fr\/vim-voor-zorgprofessionals\/","url":"https:\/\/dokterswacht.nl\/fr\/vim-voor-zorgprofessionals\/","name":"VIM voor zorgprofessionals - Dokterswacht Friesland - Fran\u00e7ais","isPartOf":{"@id":"https:\/\/dokterswacht.nl\/fr\/#website"},"datePublished":"2023-12-12T13:37:58+00:00","breadcrumb":{"@id":"https:\/\/dokterswacht.nl\/fr\/vim-voor-zorgprofessionals\/#breadcrumb"},"inLanguage":"fr-FR","potentialAction":[{"@type":"ReadAction","target":["https:\/\/dokterswacht.nl\/fr\/vim-voor-zorgprofessionals\/"]}]},{"@type":"BreadcrumbList","@id":"https:\/\/dokterswacht.nl\/fr\/vim-voor-zorgprofessionals\/#breadcrumb","itemListElement":[{"@type":"ListItem","position":1,"name":"Home","item":"https:\/\/dokterswacht.nl\/fr\/"},{"@type":"ListItem","position":2,"name":"VIM voor zorgprofessionals"}]},{"@type":"WebSite","@id":"https:\/\/dokterswacht.nl\/fr\/#website","url":"https:\/\/dokterswacht.nl\/fr\/","name":"Dokterswacht Friesland - Fran\u00e7ais","description":"","potentialAction":[{"@type":"SearchAction","target":{"@type":"EntryPoint","urlTemplate":"https:\/\/dokterswacht.nl\/fr\/?s={search_term_string}"},"query-input":{"@type":"PropertyValueSpecification","valueRequired":true,"valueName":"search_term_string"}}],"inLanguage":"fr-FR"}]}},"_links":{"self":[{"href":"https:\/\/dokterswacht.nl\/fr\/wp-json\/wp\/v2\/pages\/53176","targetHints":{"allow":["GET"]}}],"collection":[{"href":"https:\/\/dokterswacht.nl\/fr\/wp-json\/wp\/v2\/pages"}],"about":[{"href":"https:\/\/dokterswacht.nl\/fr\/wp-json\/wp\/v2\/types\/page"}],"author":[{"embeddable":true,"href":"https:\/\/dokterswacht.nl\/fr\/wp-json\/wp\/v2\/users\/3"}],"replies":[{"embeddable":true,"href":"https:\/\/dokterswacht.nl\/fr\/wp-json\/wp\/v2\/comments?post=53176"}],"version-history":[{"count":0,"href":"https:\/\/dokterswacht.nl\/fr\/wp-json\/wp\/v2\/pages\/53176\/revisions"}],"wp:attachment":[{"href":"https:\/\/dokterswacht.nl\/fr\/wp-json\/wp\/v2\/media?parent=53176"}],"curies":[{"name":"wp","href":"https:\/\/api.w.org\/{rel}","templated":true}]}}