{"id":53201,"date":"2023-12-12T15:17:06","date_gmt":"2023-12-12T14:17:06","guid":{"rendered":"https:\/\/dokterswacht.mindd.dev\/?page_id=53201"},"modified":"2025-03-03T11:57:08","modified_gmt":"2025-03-03T10:57:08","slug":"clientenraad","status":"publish","type":"page","link":"https:\/\/dokterswacht.nl\/en\/clientenraad\/","title":{"rendered":"Cli\u00ebntenraad"},"content":{"rendered":"\n<h2 class=\"wp-block-heading\">De cli\u00ebntenraad brengt de wensen, meningen en idee\u00ebn van pati\u00ebnten naar voren. Zij zijn er dus voor jou!<\/h2>\n\n\n\n<div style=\"height:20px\" aria-hidden=\"true\" class=\"wp-block-spacer\"><\/div>\n\n\n\n<div class=\"wp-block-media-text is-stacked-on-mobile\"><figure class=\"wp-block-media-text__media\"><img decoding=\"async\" width=\"1011\" height=\"1024\" src=\"https:\/\/dokterswacht.nl\/wp-content\/uploads\/sites\/107\/2024\/11\/Clientenraad-2024-website-DWF-1011x1024.jpg\" alt=\"Cli\u00ebntenraad Dokterswacht Friesland 2024\" class=\"wp-image-54409 size-full\" srcset=\"https:\/\/dokterswacht.nl\/en\/wp-content\/uploads\/sites\/218\/2024\/11\/Clientenraad-2024-website-DWF-1011x1024.jpg 1011w, https:\/\/dokterswacht.nl\/en\/wp-content\/uploads\/sites\/218\/2024\/11\/Clientenraad-2024-website-DWF-296x300.jpg 296w, https:\/\/dokterswacht.nl\/en\/wp-content\/uploads\/sites\/218\/2024\/11\/Clientenraad-2024-website-DWF-768x778.jpg 768w, https:\/\/dokterswacht.nl\/en\/wp-content\/uploads\/sites\/218\/2024\/11\/Clientenraad-2024-website-DWF-1516x1536.jpg 1516w, https:\/\/dokterswacht.nl\/en\/wp-content\/uploads\/sites\/218\/2024\/11\/Clientenraad-2024-website-DWF-2022x2048.jpg 2022w, https:\/\/dokterswacht.nl\/en\/wp-content\/uploads\/sites\/218\/2024\/11\/Clientenraad-2024-website-DWF-10x10.jpg 10w\" sizes=\"(max-width: 1011px) 100vw, 1011px\" \/><\/figure><div class=\"wp-block-media-text__content\">\n<h3 class=\"wp-block-heading\">Wie vormen de cli\u00ebntenraad?<\/h3>\n\n\n\n<p><em>De cli\u00ebntenraad bestaat uit vijf onafhankelijke mensen. Niemand van hen werkt dus bij Dokterswacht. De cli\u00ebntenraad heeft als taak de Raad van Bestuur van <a href=\"https:\/\/www.dokterszorg.nl\">Dokterszorg Friesland<\/a> te adviseren. <\/em><\/p>\n\n\n\n<p><em>Dit zijn de leden<\/em> <em>(van links naar rechts)<\/em>:<\/p>\n\n\n\n<ul class=\"wp-block-list\">\n<li>Karen Hosman-Dietz, penningmeester<\/li>\n\n\n\n<li>Nico Smits, secretaris<\/li>\n\n\n\n<li>Antje Rameau-Hoekstra, algemeen secundus<\/li>\n\n\n\n<li>Alie Woudstra-Kuipers, vice-voorzitter<\/li>\n\n\n\n<li>Andries Kroese, voorzitter<\/li>\n<\/ul>\n<\/div><\/div>\n\n\n\n<div style=\"height:20px\" aria-hidden=\"true\" class=\"wp-block-spacer\"><\/div>\n\n\n\n<h3 class=\"wp-block-heading\"><strong>Wat doen ze?<\/strong><\/h3>\n\n\n\n<p>De raad geeft gevraagd en ongevraagd advies over allerlei plannen van Dokterszorg Friesland, onder andere op het gebied van Dokterswacht. De leden kijken goed hoe die plannen de inwoners van de provincie Friesland raken.&nbsp;Ze vinden het belangrijk dat een pati\u00ebnt goede zorg en duidelijke informatie krijgt. Ook moet een pati\u00ebnt zich zoveel mogelijk op zijn gemak voelen. <\/p>\n\n\n\n<p>Zo denken ze bijvoorbeeld na over vragen als: ben je vriendelijk te woord gestaan? Is de bewegwijzering duidelijk? Kon je Dokterswacht&nbsp;eenvoudig bereiken (via de website, chat-app of telefonisch)? Kreeg je duidelijke informatie van de dokter? Was de hygi\u00ebne in de wachtkamer goed?<\/p>\n\n\n\n<div style=\"height:20px\" aria-hidden=\"true\" class=\"wp-block-spacer\"><\/div>\n\n\n\n<h3 class=\"wp-block-heading\"><strong>Wat doen ze niet?<\/strong><\/h3>\n\n\n\n<p>De raad is er voor het gemeenschappelijke belang van alle pati\u00ebnten. Het gaat dus niet om de situatie van \u00e9\u00e9n pati\u00ebnt. Heb je een persoonlijke klacht? <a href=\"https:\/\/dokterswacht.nl\/jouw-ervaring\/\">Deel hier je ervaring<\/a>.<\/p>\n\n\n\n<div style=\"height:20px\" aria-hidden=\"true\" class=\"wp-block-spacer\"><\/div>\n\n\n\n<h3 class=\"wp-block-heading\"><strong>Wat kun jij voor de cli\u00ebntenraad doen?<\/strong><\/h3>\n\n\n\n<p>De raad hoort heel graag jouw mening en suggesties over spoedeisende huisartsenzorg en de huisartsenspoedposten. Samen met jou kunnen we de zorg en dienstverlening namelijk n\u00f3g beter maken. Wat vind je goed en wat kan beter? Stuur hen je mening en idee\u00ebn. Je naam en contactgegevens zijn alleen nodig als je een reactie van hen wilt ontvangen.<\/p>\n\n\n\n<div style=\"height:20px\" aria-hidden=\"true\" class=\"wp-block-spacer\"><\/div>\n\n\n\n<h4 class=\"wp-block-heading has-background\" style=\"background-color:#eff9fd\">Contact met de cli\u00ebntenraad<\/h4>\n\n\n\n<p class=\"has-background\" style=\"background-color:#eff9fd\">Antwoordnummer 1653<br>8440 WB Heerenveen<br>e-mail:&nbsp;<a href=\"mailto:clientenraad@dokterszorg.nl\" target=\"_blank\" rel=\"noreferrer noopener\">clientenraad@dokterszorg.nl<\/a><\/p>\n\n\n\n<div style=\"height:20px\" aria-hidden=\"true\" class=\"wp-block-spacer\"><\/div>\n\n\n\n<p>Het bestaan van de cli\u00ebntenraad is vastgelegd in de Wet Medezeggenschap Cli\u00ebnten Zorginstellingen 2021.<\/p>\n\n\n\n<div style=\"height:20px\" aria-hidden=\"true\" class=\"wp-block-spacer\"><\/div>\n\n\n\n<figure class=\"wp-block-image size-full\"><img decoding=\"async\" width=\"1000\" height=\"222\" src=\"https:\/\/dokterswacht.mindd.dev\/wp-content\/uploads\/2023\/12\/dokterszorg-logo-clientenraad.jpg\" alt=\"\" class=\"wp-image-53204\" srcset=\"https:\/\/dokterswacht.nl\/en\/wp-content\/uploads\/sites\/218\/2023\/12\/dokterszorg-logo-clientenraad.jpg 1000w, https:\/\/dokterswacht.nl\/en\/wp-content\/uploads\/sites\/218\/2023\/12\/dokterszorg-logo-clientenraad-300x67.jpg 300w, https:\/\/dokterswacht.nl\/en\/wp-content\/uploads\/sites\/218\/2023\/12\/dokterszorg-logo-clientenraad-768x170.jpg 768w\" sizes=\"(max-width: 1000px) 100vw, 1000px\" \/><\/figure>\n\n\n\n<p><\/p>\n\n\n\n<p><\/p>\n","protected":false},"excerpt":{"rendered":"<p>De cli\u00ebntenraad brengt de wensen, meningen en idee\u00ebn van pati\u00ebnten naar voren. Zij zijn er dus voor jou! Wat doen ze? De raad geeft gevraagd en ongevraagd advies over allerlei plannen van Dokterszorg Friesland, onder andere op het gebied van Dokterswacht. De leden kijken goed hoe die plannen de inwoners van de provincie Friesland raken.&nbsp;Ze [&hellip;]<\/p>\n","protected":false},"author":3,"featured_media":0,"parent":0,"menu_order":0,"comment_status":"closed","ping_status":"closed","template":"","meta":{"_acf_changed":false,"_trash_the_other_posts":false,"editor_notices":[],"footnotes":""},"class_list":["post-53201","page","type-page","status-publish","hentry"],"acf":[],"yoast_head":"<!-- This site is optimized with the Yoast SEO plugin v26.6 - https:\/\/yoast.com\/wordpress\/plugins\/seo\/ -->\n<title>Cli\u00ebntenraad - Dokterswacht Friesland - English<\/title>\n<meta name=\"description\" content=\"De cli\u00ebntenraad van Dokterszorg Friesland is er voor jou. Met jouw mening en idee\u00ebn verbeteren we de huisartsenspoedzorg. Lees snel meer!\" \/>\n<meta name=\"robots\" content=\"noindex, follow, max-snippet:-1, max-image-preview:large, max-video-preview:-1\" \/>\n<meta property=\"og:locale\" content=\"en_US\" \/>\n<meta property=\"og:type\" content=\"article\" \/>\n<meta property=\"og:title\" content=\"Cli\u00ebntenraad - Dokterswacht Friesland - English\" \/>\n<meta property=\"og:description\" content=\"De cli\u00ebntenraad van Dokterszorg Friesland is er voor jou. Met jouw mening en idee\u00ebn verbeteren we de huisartsenspoedzorg. Lees snel meer!\" \/>\n<meta property=\"og:url\" content=\"https:\/\/dokterswacht.nl\/en\/clientenraad\/\" \/>\n<meta property=\"og:site_name\" content=\"Dokterswacht Friesland - English\" \/>\n<meta property=\"article:modified_time\" content=\"2025-03-03T10:57:08+00:00\" \/>\n<meta property=\"og:image\" content=\"https:\/\/dokterswacht.nl\/wp-content\/uploads\/sites\/107\/2024\/11\/Clientenraad-2024-website-DWF-1011x1024.jpg\" \/>\n<meta name=\"twitter:card\" content=\"summary_large_image\" \/>\n<meta name=\"twitter:label1\" content=\"Est. reading time\" \/>\n\t<meta name=\"twitter:data1\" content=\"2 minutes\" \/>\n<script type=\"application\/ld+json\" class=\"yoast-schema-graph\">{\"@context\":\"https:\/\/schema.org\",\"@graph\":[{\"@type\":\"WebPage\",\"@id\":\"https:\/\/dokterswacht.nl\/en\/clientenraad\/\",\"url\":\"https:\/\/dokterswacht.nl\/en\/clientenraad\/\",\"name\":\"Cli\u00ebntenraad - Dokterswacht Friesland - English\",\"isPartOf\":{\"@id\":\"https:\/\/dokterswacht.nl\/en\/#website\"},\"primaryImageOfPage\":{\"@id\":\"https:\/\/dokterswacht.nl\/en\/clientenraad\/#primaryimage\"},\"image\":{\"@id\":\"https:\/\/dokterswacht.nl\/en\/clientenraad\/#primaryimage\"},\"thumbnailUrl\":\"https:\/\/dokterswacht.nl\/wp-content\/uploads\/sites\/107\/2024\/11\/Clientenraad-2024-website-DWF-1011x1024.jpg\",\"datePublished\":\"2023-12-12T14:17:06+00:00\",\"dateModified\":\"2025-03-03T10:57:08+00:00\",\"description\":\"De cli\u00ebntenraad van Dokterszorg Friesland is er voor jou. Met jouw mening en idee\u00ebn verbeteren we de huisartsenspoedzorg. Lees snel meer!\",\"breadcrumb\":{\"@id\":\"https:\/\/dokterswacht.nl\/en\/clientenraad\/#breadcrumb\"},\"inLanguage\":\"en-US\",\"potentialAction\":[{\"@type\":\"ReadAction\",\"target\":[\"https:\/\/dokterswacht.nl\/en\/clientenraad\/\"]}]},{\"@type\":\"ImageObject\",\"inLanguage\":\"en-US\",\"@id\":\"https:\/\/dokterswacht.nl\/en\/clientenraad\/#primaryimage\",\"url\":\"https:\/\/dokterswacht.nl\/wp-content\/uploads\/sites\/107\/2024\/11\/Clientenraad-2024-website-DWF-1011x1024.jpg\",\"contentUrl\":\"https:\/\/dokterswacht.nl\/wp-content\/uploads\/sites\/107\/2024\/11\/Clientenraad-2024-website-DWF-1011x1024.jpg\"},{\"@type\":\"BreadcrumbList\",\"@id\":\"https:\/\/dokterswacht.nl\/en\/clientenraad\/#breadcrumb\",\"itemListElement\":[{\"@type\":\"ListItem\",\"position\":1,\"name\":\"Home\",\"item\":\"https:\/\/dokterswacht.nl\/en\/\"},{\"@type\":\"ListItem\",\"position\":2,\"name\":\"Cli\u00ebntenraad\"}]},{\"@type\":\"WebSite\",\"@id\":\"https:\/\/dokterswacht.nl\/en\/#website\",\"url\":\"https:\/\/dokterswacht.nl\/en\/\",\"name\":\"Dokterswacht Friesland - English\",\"description\":\"\",\"potentialAction\":[{\"@type\":\"SearchAction\",\"target\":{\"@type\":\"EntryPoint\",\"urlTemplate\":\"https:\/\/dokterswacht.nl\/en\/?s={search_term_string}\"},\"query-input\":{\"@type\":\"PropertyValueSpecification\",\"valueRequired\":true,\"valueName\":\"search_term_string\"}}],\"inLanguage\":\"en-US\"}]}<\/script>\n<!-- \/ Yoast SEO plugin. -->","yoast_head_json":{"title":"Cli\u00ebntenraad - Dokterswacht Friesland - English","description":"De cli\u00ebntenraad van Dokterszorg Friesland is er voor jou. Met jouw mening en idee\u00ebn verbeteren we de huisartsenspoedzorg. Lees snel meer!","robots":{"index":"noindex","follow":"follow","max-snippet":"max-snippet:-1","max-image-preview":"max-image-preview:large","max-video-preview":"max-video-preview:-1"},"og_locale":"en_US","og_type":"article","og_title":"Cli\u00ebntenraad - Dokterswacht Friesland - English","og_description":"De cli\u00ebntenraad van Dokterszorg Friesland is er voor jou. Met jouw mening en idee\u00ebn verbeteren we de huisartsenspoedzorg. Lees snel meer!","og_url":"https:\/\/dokterswacht.nl\/en\/clientenraad\/","og_site_name":"Dokterswacht Friesland - English","article_modified_time":"2025-03-03T10:57:08+00:00","og_image":[{"url":"https:\/\/dokterswacht.nl\/wp-content\/uploads\/sites\/107\/2024\/11\/Clientenraad-2024-website-DWF-1011x1024.jpg","type":"","width":"","height":""}],"twitter_card":"summary_large_image","twitter_misc":{"Est. reading time":"2 minutes"},"schema":{"@context":"https:\/\/schema.org","@graph":[{"@type":"WebPage","@id":"https:\/\/dokterswacht.nl\/en\/clientenraad\/","url":"https:\/\/dokterswacht.nl\/en\/clientenraad\/","name":"Cli\u00ebntenraad - Dokterswacht Friesland - English","isPartOf":{"@id":"https:\/\/dokterswacht.nl\/en\/#website"},"primaryImageOfPage":{"@id":"https:\/\/dokterswacht.nl\/en\/clientenraad\/#primaryimage"},"image":{"@id":"https:\/\/dokterswacht.nl\/en\/clientenraad\/#primaryimage"},"thumbnailUrl":"https:\/\/dokterswacht.nl\/wp-content\/uploads\/sites\/107\/2024\/11\/Clientenraad-2024-website-DWF-1011x1024.jpg","datePublished":"2023-12-12T14:17:06+00:00","dateModified":"2025-03-03T10:57:08+00:00","description":"De cli\u00ebntenraad van Dokterszorg Friesland is er voor jou. Met jouw mening en idee\u00ebn verbeteren we de huisartsenspoedzorg. Lees snel meer!","breadcrumb":{"@id":"https:\/\/dokterswacht.nl\/en\/clientenraad\/#breadcrumb"},"inLanguage":"en-US","potentialAction":[{"@type":"ReadAction","target":["https:\/\/dokterswacht.nl\/en\/clientenraad\/"]}]},{"@type":"ImageObject","inLanguage":"en-US","@id":"https:\/\/dokterswacht.nl\/en\/clientenraad\/#primaryimage","url":"https:\/\/dokterswacht.nl\/wp-content\/uploads\/sites\/107\/2024\/11\/Clientenraad-2024-website-DWF-1011x1024.jpg","contentUrl":"https:\/\/dokterswacht.nl\/wp-content\/uploads\/sites\/107\/2024\/11\/Clientenraad-2024-website-DWF-1011x1024.jpg"},{"@type":"BreadcrumbList","@id":"https:\/\/dokterswacht.nl\/en\/clientenraad\/#breadcrumb","itemListElement":[{"@type":"ListItem","position":1,"name":"Home","item":"https:\/\/dokterswacht.nl\/en\/"},{"@type":"ListItem","position":2,"name":"Cli\u00ebntenraad"}]},{"@type":"WebSite","@id":"https:\/\/dokterswacht.nl\/en\/#website","url":"https:\/\/dokterswacht.nl\/en\/","name":"Dokterswacht Friesland - English","description":"","potentialAction":[{"@type":"SearchAction","target":{"@type":"EntryPoint","urlTemplate":"https:\/\/dokterswacht.nl\/en\/?s={search_term_string}"},"query-input":{"@type":"PropertyValueSpecification","valueRequired":true,"valueName":"search_term_string"}}],"inLanguage":"en-US"}]}},"_links":{"self":[{"href":"https:\/\/dokterswacht.nl\/en\/wp-json\/wp\/v2\/pages\/53201","targetHints":{"allow":["GET"]}}],"collection":[{"href":"https:\/\/dokterswacht.nl\/en\/wp-json\/wp\/v2\/pages"}],"about":[{"href":"https:\/\/dokterswacht.nl\/en\/wp-json\/wp\/v2\/types\/page"}],"author":[{"embeddable":true,"href":"https:\/\/dokterswacht.nl\/en\/wp-json\/wp\/v2\/users\/3"}],"replies":[{"embeddable":true,"href":"https:\/\/dokterswacht.nl\/en\/wp-json\/wp\/v2\/comments?post=53201"}],"version-history":[{"count":31,"href":"https:\/\/dokterswacht.nl\/en\/wp-json\/wp\/v2\/pages\/53201\/revisions"}],"predecessor-version":[{"id":54581,"href":"https:\/\/dokterswacht.nl\/en\/wp-json\/wp\/v2\/pages\/53201\/revisions\/54581"}],"wp:attachment":[{"href":"https:\/\/dokterswacht.nl\/en\/wp-json\/wp\/v2\/media?parent=53201"}],"curies":[{"name":"wp","href":"https:\/\/api.w.org\/{rel}","templated":true}]}}